{"id":357,"date":"2018-02-28T09:21:15","date_gmt":"2018-02-28T08:21:15","guid":{"rendered":"http:\/\/www.kargea.cz\/?page_id=357"},"modified":"2018-10-16T11:57:20","modified_gmt":"2018-10-16T09:57:20","slug":"uvod-2","status":"publish","type":"page","link":"https:\/\/www.kargea.cz\/","title":{"rendered":"O n\u00e1s"},"content":{"rendered":"<p>&nbsp;<\/p>\n<p style=\"text-align: justify;\"><img loading=\"lazy\" decoding=\"async\" class=\"aligncenter wp-image-448\" src=\"http:\/\/www.kargea.cz\/wp-content\/uploads\/2018\/03\/cihly3.jpg\" alt=\"\" width=\"755\" height=\"31\" srcset=\"https:\/\/www.kargea.cz\/wp-content\/uploads\/2018\/03\/cihly3.jpg 792w, https:\/\/www.kargea.cz\/wp-content\/uploads\/2018\/03\/cihly3-300x13.jpg 300w, https:\/\/www.kargea.cz\/wp-content\/uploads\/2018\/03\/cihly3-768x32.jpg 768w\" sizes=\"auto, (max-width: 755px) 100vw, 755px\" \/><\/p>\n<p style=\"text-align: justify;\">Historie spole\u010dnosti sah\u00e1 do obdob\u00ed roku 2005 , kdy byla zalo\u017eena a do obchodn\u00edho rejst\u0159\u00edku zaps\u00e1na 20. \u010dervence. V letech 2005 &#8211; 2010 spole\u010dnost s\u00eddlila v Rad\u011bjovic\u00edch s provozovnou v Praze &#8211; Libu\u0161i.\u00a0\u00a0 S r\u016fstem spole\u010dnosti vznikaly po\u017eadavky na v\u011bt\u0161\u00ed a vyhovuj\u00edc\u00ed prostory pro s\u00eddlo spole\u010dnosti. Za t\u00edmto \u00fa\u010delem byly zrekonstruov\u00e1ny prostory v Praze 2 &#8211; Vinohradech, kde spole\u010dnost s\u00eddl\u00ed nyn\u00ed.<\/p>\n<p style=\"text-align: justify;\">Na\u0161e spole\u010dnost se zab\u00fdv\u00e1 projek\u010dn\u00ed, in\u017een\u00fdrskou a stavebn\u00ed \u010dinnost\u00ed v oblasti pozemn\u00edch, in\u017een\u00fdrsk\u00fdch a pr\u016fmyslov\u00fdch staveb. Zam\u011bstn\u00e1v\u00e1me odborn\u00edky z \u0159ad projektant\u016f a zku\u0161en\u00fdch stavbyvedouc\u00edch. Pracovn\u00edci spole\u010dnosti proch\u00e1zej\u00ed neust\u00e1l\u00fdm vzd\u011bl\u00e1vac\u00edcm procesem na v\u0161ech \u00farovn\u00edch.<\/p>\n<p style=\"text-align: justify;\">Zaji\u0161\u0165ujeme komplexn\u00ed stavebn\u00ed zak\u00e1zky od n\u00e1vrhu studie, projektov\u00e9 dokumentace, a\u017e po kone\u010dnou realizaci staveb.<\/p>\n<p style=\"text-align: justify;\">Ur\u010ditou specializac\u00ed firmy je prov\u00e1d\u011bn\u00ed stavebn\u00edch konstrukc\u00ed ze speci\u00e1ln\u00edch rychletvrdnouc\u00edch beton\u016f a celkov\u00e9 vyu\u017eit\u00ed stavebn\u00ed chemie ve stavebn\u00ed v\u00fdrob\u011b, pro urychlen\u00ed jednotliv\u00fdch dod\u00e1vek a n\u00e1sledn\u00e9 v\u010dasn\u011bj\u0161\u00ed vyu\u017eit\u00ed hotov\u00fdch stavebn\u00edch konstrukc\u00ed. Tato v\u00fdhoda je uplat\u0148ov\u00e1na p\u0159edev\u0161\u00edm p\u0159i rekonstrukc\u00edch v oblasti pr\u016fmyslov\u00e9 v\u00fdstavby, kde je kladena p\u0159ednost na co nejkrat\u0161\u00ed p\u0159eru\u0161en\u00ed v\u00fdrobn\u00ed \u010dinnosti investora.<\/p>\n<p style=\"text-align: justify;\">Vybaven\u00ed spole\u010dnosti stavebn\u00ed mechanizac\u00ed a vyu\u017e\u00edv\u00e1n\u00ed modern\u00edch technologi\u00ed a materi\u00e1l\u016f i vyu\u017eit\u00ed \u0159emesln\u00e9 zdatnosti zam\u011bstnanc\u016f je samoz\u0159ejmost\u00ed.<\/p>\n<p style=\"text-align: justify;\"><img loading=\"lazy\" decoding=\"async\" class=\"wp-image-447 aligncenter\" src=\"http:\/\/www.kargea.cz\/wp-content\/uploads\/2018\/03\/cihly2.jpg\" alt=\"\" width=\"780\" height=\"69\" srcset=\"https:\/\/www.kargea.cz\/wp-content\/uploads\/2018\/03\/cihly2.jpg 792w, https:\/\/www.kargea.cz\/wp-content\/uploads\/2018\/03\/cihly2-300x27.jpg 300w, https:\/\/www.kargea.cz\/wp-content\/uploads\/2018\/03\/cihly2-768x68.jpg 768w\" sizes=\"auto, (max-width: 780px) 100vw, 780px\" \/><\/p>\n<p>&nbsp;<\/p>\n<p>&nbsp;<\/p>\n","protected":false},"excerpt":{"rendered":"<p>&nbsp; Historie spole\u010dnosti sah\u00e1 do obdob\u00ed roku 2005 , kdy byla zalo\u017eena a do obchodn\u00edho rejst\u0159\u00edku zaps\u00e1na 20. \u010dervence. V letech 2005 &#8211; 2010 spole\u010dnost s\u00eddlila v Rad\u011bjovic\u00edch s provozovnou v Praze &#8211; Libu\u0161i.\u00a0\u00a0 S r\u016fstem spole\u010dnosti vznikaly po\u017eadavky na v\u011bt\u0161\u00ed a vyhovuj\u00edc\u00ed prostory pro s\u00eddlo spole\u010dnosti. Za t\u00edmto \u00fa\u010delem byly zrekonstruov\u00e1ny prostory v Praze [&hellip;]<\/p>\n","protected":false},"author":2,"featured_media":0,"parent":0,"menu_order":0,"comment_status":"closed","ping_status":"closed","template":"template-full-width.php","meta":{"footnotes":""},"class_list":["post-357","page","type-page","status-publish","hentry"],"_links":{"self":[{"href":"https:\/\/www.kargea.cz\/index.php?rest_route=\/wp\/v2\/pages\/357","targetHints":{"allow":["GET"]}}],"collection":[{"href":"https:\/\/www.kargea.cz\/index.php?rest_route=\/wp\/v2\/pages"}],"about":[{"href":"https:\/\/www.kargea.cz\/index.php?rest_route=\/wp\/v2\/types\/page"}],"author":[{"embeddable":true,"href":"https:\/\/www.kargea.cz\/index.php?rest_route=\/wp\/v2\/users\/2"}],"replies":[{"embeddable":true,"href":"https:\/\/www.kargea.cz\/index.php?rest_route=%2Fwp%2Fv2%2Fcomments&post=357"}],"version-history":[{"count":36,"href":"https:\/\/www.kargea.cz\/index.php?rest_route=\/wp\/v2\/pages\/357\/revisions"}],"predecessor-version":[{"id":812,"href":"https:\/\/www.kargea.cz\/index.php?rest_route=\/wp\/v2\/pages\/357\/revisions\/812"}],"wp:attachment":[{"href":"https:\/\/www.kargea.cz\/index.php?rest_route=%2Fwp%2Fv2%2Fmedia&parent=357"}],"curies":[{"name":"wp","href":"https:\/\/api.w.org\/{rel}","templated":true}]}}