{"id":550,"date":"2018-09-17T14:23:19","date_gmt":"2018-09-17T12:23:19","guid":{"rendered":"http:\/\/www.kargea.cz\/?page_id=550"},"modified":"2018-09-17T15:04:19","modified_gmt":"2018-09-17T13:04:19","slug":"gdpr","status":"publish","type":"page","link":"https:\/\/www.kargea.cz\/?page_id=550","title":{"rendered":"GDPR"},"content":{"rendered":"<p>&nbsp;<\/p>\n<p><img loading=\"lazy\" decoding=\"async\" class=\"alignnone size-full wp-image-448\" src=\"http:\/\/www.kargea.cz\/wp-content\/uploads\/2018\/03\/cihly3.jpg\" alt=\"\" width=\"792\" height=\"33\" srcset=\"https:\/\/www.kargea.cz\/wp-content\/uploads\/2018\/03\/cihly3.jpg 792w, https:\/\/www.kargea.cz\/wp-content\/uploads\/2018\/03\/cihly3-300x13.jpg 300w, https:\/\/www.kargea.cz\/wp-content\/uploads\/2018\/03\/cihly3-768x32.jpg 768w\" sizes=\"auto, (max-width: 792px) 100vw, 792px\" \/><\/p>\n<p>&nbsp;<\/p>\n<p style=\"text-align: justify;\">Spole\u010dnost Kargea s.r.o. se s\u00eddlem: T\u0159eb\u00edzsk\u00e9ho 1372\/3,120 00 Praha 2, spisov\u00e1 zna\u010dka C 108632, veden\u00e9ho M\u011bstsk\u00fdm soudem v\u00a0Praze se zavazuje chr\u00e1nit osobn\u00ed \u00fadaje a soukrom\u00ed u\u017eivatel\u016f sv\u00fdch slu\u017eeb v souladu se z\u00e1konem \u010d. 101\/2000 Sb., o ochran\u011b osobn\u00edch \u00fadaj\u016f, ve zn\u011bn\u00ed pozd\u011bj\u0161\u00edch p\u0159edpis\u016f a Na\u0159\u00edzen\u00edm Evropsk\u00e9ho parlamentu a Rady (EU) 2016\/679 o ochran\u011b fyzick\u00fdch osob v souvislosti se zpracov\u00e1n\u00edm osobn\u00edch \u00fadaj\u016f (d\u00e1le jen \u201eGDPR&#8220;), tj. od 25. 5. 2018, se spole\u010dnost zavazuje chr\u00e1nit osobn\u00ed \u00fadaje dle GDPR.<\/p>\n<p style=\"text-align: justify;\">Pro \u00fa\u010dely uzav\u0159en\u00ed a pln\u011bn\u00ed smlouvy s klientem zpracov\u00e1v\u00e1me ve\u0161ker\u00e9 \u00fadaje, kter\u00e9 klient sd\u011blil \u010di sd\u011bl\u00ed pr\u00e1v\u011b v souvislosti s uzav\u0159enou\/uzav\u00edranou smlouvou, a kter\u00e9 se t\u00fdkaj\u00ed p\u0159edm\u011btu pln\u011bn\u00ed smlouvy. Jedn\u00e1 se zejm\u00e9na o: jm\u00e9no a p\u0159\u00edjmen\u00ed klienta, rodn\u00e9 \u010d\u00edslo\/datum narozen\u00ed, adresa trval\u00e9ho \u010di jin\u00e9ho bydli\u0161t\u011b, telefonn\u00ed \u010d\u00edslo, emailov\u00e1 adresa, p\u0159\u00edpadn\u011b s\u00eddlo podnikaj\u00edc\u00ed fyzick\u00e9 osoby, jej\u00ed obchodn\u00ed firma, identifika\u010dn\u00ed \u010d\u00edslo<\/p>\n<p style=\"text-align: justify;\">P\u0159\u00edstup k nashrom\u00e1\u017ed\u011bn\u00fdm a uchov\u00e1van\u00fdm osobn\u00edm \u00fadaj\u016fm maj\u00ed pouze na\u0161i vybran\u00ed zam\u011bstnanci, kte\u0159\u00ed tento p\u0159\u00edstup pot\u0159ebuj\u00ed k pln\u011bn\u00ed sv\u00fdch pracovn\u00edch \u00fakol\u016f. Tito zam\u011bstnanci maj\u00ed povinnost dodr\u017eovat ml\u010denlivost o informac\u00edch z\u00edskan\u00fdch v souvislosti se zpracov\u00e1v\u00e1n\u00edm osobn\u00edch \u00fadaj\u016f.<\/p>\n<p style=\"text-align: justify;\">Osobn\u00ed \u00fadaje klient\u016f zpracov\u00e1v\u00e1me na \u00fazem\u00ed \u010cesk\u00e9 republiky.<\/p>\n<p style=\"text-align: justify;\">Spole\u010dnost Kargea s.r.o. spravuje a uchov\u00e1v\u00e1 osobn\u00ed \u00fadaje pouze po dobu, kter\u00e1 je nezbytn\u00e1 k napln\u011bn\u00ed uveden\u00e9ho \u00fa\u010delu, tzn. po dobu trv\u00e1n\u00ed smluvn\u00edho vztahu a n\u00e1sledn\u011b p\u011bt let po jeho skon\u010den\u00ed nebo po dobu p\u011bti let, pokud k uzav\u0159en\u00ed smlouvy nedojde.<\/p>\n<p>&nbsp;<\/p>\n<p><img loading=\"lazy\" decoding=\"async\" class=\"alignnone size-full wp-image-447\" src=\"http:\/\/www.kargea.cz\/wp-content\/uploads\/2018\/03\/cihly2.jpg\" alt=\"\" width=\"792\" height=\"70\" srcset=\"https:\/\/www.kargea.cz\/wp-content\/uploads\/2018\/03\/cihly2.jpg 792w, https:\/\/www.kargea.cz\/wp-content\/uploads\/2018\/03\/cihly2-300x27.jpg 300w, https:\/\/www.kargea.cz\/wp-content\/uploads\/2018\/03\/cihly2-768x68.jpg 768w\" sizes=\"auto, (max-width: 792px) 100vw, 792px\" \/><\/p>\n","protected":false},"excerpt":{"rendered":"<p>&nbsp; &nbsp; Spole\u010dnost Kargea s.r.o. se s\u00eddlem: T\u0159eb\u00edzsk\u00e9ho 1372\/3,120 00 Praha 2, spisov\u00e1 zna\u010dka C 108632, veden\u00e9ho M\u011bstsk\u00fdm soudem v\u00a0Praze se zavazuje chr\u00e1nit osobn\u00ed \u00fadaje a soukrom\u00ed u\u017eivatel\u016f sv\u00fdch slu\u017eeb v souladu se z\u00e1konem \u010d. 101\/2000 Sb., o ochran\u011b osobn\u00edch \u00fadaj\u016f, ve zn\u011bn\u00ed pozd\u011bj\u0161\u00edch p\u0159edpis\u016f a Na\u0159\u00edzen\u00edm Evropsk\u00e9ho parlamentu a Rady (EU) 2016\/679 o ochran\u011b [&hellip;]<\/p>\n","protected":false},"author":2,"featured_media":0,"parent":263,"menu_order":0,"comment_status":"closed","ping_status":"closed","template":"","meta":{"footnotes":""},"class_list":["post-550","page","type-page","status-publish","hentry"],"_links":{"self":[{"href":"https:\/\/www.kargea.cz\/index.php?rest_route=\/wp\/v2\/pages\/550","targetHints":{"allow":["GET"]}}],"collection":[{"href":"https:\/\/www.kargea.cz\/index.php?rest_route=\/wp\/v2\/pages"}],"about":[{"href":"https:\/\/www.kargea.cz\/index.php?rest_route=\/wp\/v2\/types\/page"}],"author":[{"embeddable":true,"href":"https:\/\/www.kargea.cz\/index.php?rest_route=\/wp\/v2\/users\/2"}],"replies":[{"embeddable":true,"href":"https:\/\/www.kargea.cz\/index.php?rest_route=%2Fwp%2Fv2%2Fcomments&post=550"}],"version-history":[{"count":9,"href":"https:\/\/www.kargea.cz\/index.php?rest_route=\/wp\/v2\/pages\/550\/revisions"}],"predecessor-version":[{"id":561,"href":"https:\/\/www.kargea.cz\/index.php?rest_route=\/wp\/v2\/pages\/550\/revisions\/561"}],"up":[{"embeddable":true,"href":"https:\/\/www.kargea.cz\/index.php?rest_route=\/wp\/v2\/pages\/263"}],"wp:attachment":[{"href":"https:\/\/www.kargea.cz\/index.php?rest_route=%2Fwp%2Fv2%2Fmedia&parent=550"}],"curies":[{"name":"wp","href":"https:\/\/api.w.org\/{rel}","templated":true}]}}