{"id":88,"date":"2018-02-16T10:36:57","date_gmt":"2018-02-16T09:36:57","guid":{"rendered":"http:\/\/www.kargea.cz\/?page_id=88"},"modified":"2025-04-10T10:33:19","modified_gmt":"2025-04-10T08:33:19","slug":"certifikaty","status":"publish","type":"page","link":"https:\/\/www.kargea.cz\/?page_id=88","title":{"rendered":"Osv\u011bd\u010den\u00ed"},"content":{"rendered":"\n<figure class=\"wp-block-image\"><img loading=\"lazy\" decoding=\"async\" width=\"792\" height=\"33\" src=\"http:\/\/www.kargea.cz\/wp-content\/uploads\/2018\/03\/cihly3.jpg\" alt=\"\" class=\"wp-image-448\" srcset=\"https:\/\/www.kargea.cz\/wp-content\/uploads\/2018\/03\/cihly3.jpg 792w, https:\/\/www.kargea.cz\/wp-content\/uploads\/2018\/03\/cihly3-300x13.jpg 300w, https:\/\/www.kargea.cz\/wp-content\/uploads\/2018\/03\/cihly3-768x32.jpg 768w\" sizes=\"auto, (max-width: 792px) 100vw, 792px\" \/><\/figure>\n\n\n\n<p class=\"has-text-align-left\"><\/p>\n\n\n\n<div class=\"wp-block-columns is-layout-flex wp-container-core-columns-is-layout-2 wp-block-columns-is-layout-flex\">\n<div class=\"wp-block-column is-layout-flow wp-block-column-is-layout-flow\" style=\"flex-basis:100%\">\n<div class=\"wp-block-columns is-layout-flex wp-container-core-columns-is-layout-1 wp-block-columns-is-layout-flex\">\n<div class=\"wp-block-column is-layout-flow wp-block-column-is-layout-flow\">\n<figure class=\"wp-block-image size-full\"><img loading=\"lazy\" decoding=\"async\" width=\"654\" height=\"925\" src=\"http:\/\/www.kargea.cz\/wp-content\/uploads\/2025\/04\/Knauf-cubik.png\" alt=\"\" class=\"wp-image-5321\" srcset=\"https:\/\/www.kargea.cz\/wp-content\/uploads\/2025\/04\/Knauf-cubik.png 654w, https:\/\/www.kargea.cz\/wp-content\/uploads\/2025\/04\/Knauf-cubik-212x300.png 212w\" sizes=\"auto, (max-width: 654px) 100vw, 654px\" \/><\/figure>\n\n\n\n<figure class=\"wp-block-image size-full\"><img loading=\"lazy\" decoding=\"async\" width=\"658\" height=\"927\" src=\"http:\/\/www.kargea.cz\/wp-content\/uploads\/2025\/04\/SANACE-CUB.png\" alt=\"\" class=\"wp-image-5323\" srcset=\"https:\/\/www.kargea.cz\/wp-content\/uploads\/2025\/04\/SANACE-CUB.png 658w, https:\/\/www.kargea.cz\/wp-content\/uploads\/2025\/04\/SANACE-CUB-213x300.png 213w\" sizes=\"auto, (max-width: 658px) 100vw, 658px\" \/><\/figure>\n\n\n\n<figure class=\"wp-block-image size-full\"><img loading=\"lazy\" decoding=\"async\" width=\"655\" height=\"900\" src=\"http:\/\/www.kargea.cz\/wp-content\/uploads\/2025\/04\/sanace.png\" alt=\"\" class=\"wp-image-5322\" srcset=\"https:\/\/www.kargea.cz\/wp-content\/uploads\/2025\/04\/sanace.png 655w, https:\/\/www.kargea.cz\/wp-content\/uploads\/2025\/04\/sanace-218x300.png 218w\" sizes=\"auto, (max-width: 655px) 100vw, 655px\" \/><\/figure>\n\n\n\n<figure class=\"wp-block-image size-full\"><img loading=\"lazy\" decoding=\"async\" width=\"656\" height=\"921\" src=\"http:\/\/www.kargea.cz\/wp-content\/uploads\/2025\/04\/ytong-lk-1.png\" alt=\"\" class=\"wp-image-5314\" srcset=\"https:\/\/www.kargea.cz\/wp-content\/uploads\/2025\/04\/ytong-lk-1.png 656w, https:\/\/www.kargea.cz\/wp-content\/uploads\/2025\/04\/ytong-lk-1-214x300.png 214w\" sizes=\"auto, (max-width: 656px) 100vw, 656px\" \/><\/figure>\n\n\n\n<figure class=\"wp-block-image size-full\"><img loading=\"lazy\" decoding=\"async\" width=\"604\" height=\"864\" src=\"http:\/\/www.kargea.cz\/wp-content\/uploads\/2025\/04\/Vystrizek2.jpg\" alt=\"\" class=\"wp-image-5325\" srcset=\"https:\/\/www.kargea.cz\/wp-content\/uploads\/2025\/04\/Vystrizek2.jpg 604w, https:\/\/www.kargea.cz\/wp-content\/uploads\/2025\/04\/Vystrizek2-210x300.jpg 210w\" sizes=\"auto, (max-width: 604px) 100vw, 604px\" \/><\/figure>\n<\/div>\n\n\n\n<div class=\"wp-block-column is-layout-flow wp-block-column-is-layout-flow\">\n<figure class=\"wp-block-image size-full is-resized\"><img loading=\"lazy\" decoding=\"async\" width=\"658\" height=\"926\" src=\"http:\/\/www.kargea.cz\/wp-content\/uploads\/2025\/04\/weber-cub-1.png\" alt=\"\" class=\"wp-image-5326\" style=\"width:366px;height:auto\" srcset=\"https:\/\/www.kargea.cz\/wp-content\/uploads\/2025\/04\/weber-cub-1.png 658w, https:\/\/www.kargea.cz\/wp-content\/uploads\/2025\/04\/weber-cub-1-213x300.png 213w\" sizes=\"auto, (max-width: 658px) 100vw, 658px\" \/><\/figure>\n\n\n\n<figure class=\"wp-block-image size-full\"><img loading=\"lazy\" decoding=\"async\" width=\"657\" height=\"925\" src=\"http:\/\/www.kargea.cz\/wp-content\/uploads\/2025\/04\/sanCE-KUB.png\" alt=\"\" class=\"wp-image-5320\" srcset=\"https:\/\/www.kargea.cz\/wp-content\/uploads\/2025\/04\/sanCE-KUB.png 657w, https:\/\/www.kargea.cz\/wp-content\/uploads\/2025\/04\/sanCE-KUB-213x300.png 213w\" sizes=\"auto, (max-width: 657px) 100vw, 657px\" \/><\/figure>\n\n\n\n<figure class=\"wp-block-image size-full\"><img loading=\"lazy\" decoding=\"async\" width=\"656\" height=\"923\" src=\"http:\/\/www.kargea.cz\/wp-content\/uploads\/2025\/04\/sanace-art.png\" alt=\"\" class=\"wp-image-5313\" srcset=\"https:\/\/www.kargea.cz\/wp-content\/uploads\/2025\/04\/sanace-art.png 656w, https:\/\/www.kargea.cz\/wp-content\/uploads\/2025\/04\/sanace-art-213x300.png 213w\" sizes=\"auto, (max-width: 656px) 100vw, 656px\" \/><\/figure>\n\n\n\n<figure class=\"wp-block-image size-full\"><img loading=\"lazy\" decoding=\"async\" width=\"661\" height=\"925\" src=\"http:\/\/www.kargea.cz\/wp-content\/uploads\/2025\/04\/ytong-cub.png\" alt=\"\" class=\"wp-image-5315\" srcset=\"https:\/\/www.kargea.cz\/wp-content\/uploads\/2025\/04\/ytong-cub.png 661w, https:\/\/www.kargea.cz\/wp-content\/uploads\/2025\/04\/ytong-cub-214x300.png 214w\" sizes=\"auto, (max-width: 661px) 100vw, 661px\" \/><\/figure>\n<\/div>\n<\/div>\n<\/div>\n<\/div>\n\n\n\n<p>&nbsp;<\/p>\n\n\n\n<p><\/p>\n","protected":false},"excerpt":{"rendered":"<p>&nbsp;<\/p>\n","protected":false},"author":2,"featured_media":0,"parent":0,"menu_order":0,"comment_status":"closed","ping_status":"closed","template":"","meta":{"footnotes":""},"class_list":["post-88","page","type-page","status-publish","hentry"],"_links":{"self":[{"href":"https:\/\/www.kargea.cz\/index.php?rest_route=\/wp\/v2\/pages\/88","targetHints":{"allow":["GET"]}}],"collection":[{"href":"https:\/\/www.kargea.cz\/index.php?rest_route=\/wp\/v2\/pages"}],"about":[{"href":"https:\/\/www.kargea.cz\/index.php?rest_route=\/wp\/v2\/types\/page"}],"author":[{"embeddable":true,"href":"https:\/\/www.kargea.cz\/index.php?rest_route=\/wp\/v2\/users\/2"}],"replies":[{"embeddable":true,"href":"https:\/\/www.kargea.cz\/index.php?rest_route=%2Fwp%2Fv2%2Fcomments&post=88"}],"version-history":[{"count":23,"href":"https:\/\/www.kargea.cz\/index.php?rest_route=\/wp\/v2\/pages\/88\/revisions"}],"predecessor-version":[{"id":5332,"href":"https:\/\/www.kargea.cz\/index.php?rest_route=\/wp\/v2\/pages\/88\/revisions\/5332"}],"wp:attachment":[{"href":"https:\/\/www.kargea.cz\/index.php?rest_route=%2Fwp%2Fv2%2Fmedia&parent=88"}],"curies":[{"name":"wp","href":"https:\/\/api.w.org\/{rel}","templated":true}]}}