{"id":94,"date":"2018-02-16T12:47:23","date_gmt":"2018-02-16T11:47:23","guid":{"rendered":"http:\/\/www.kargea.cz\/?page_id=94"},"modified":"2026-01-06T09:15:35","modified_gmt":"2026-01-06T08:15:35","slug":"kontakt","status":"publish","type":"page","link":"https:\/\/www.kargea.cz\/?page_id=94","title":{"rendered":"Kontakt"},"content":{"rendered":"<p>&nbsp;<\/p>\n<p><img loading=\"lazy\" decoding=\"async\" class=\"alignnone size-full wp-image-448\" src=\"http:\/\/www.kargea.cz\/wp-content\/uploads\/2018\/03\/cihly3.jpg\" alt=\"\" width=\"792\" height=\"33\" srcset=\"https:\/\/www.kargea.cz\/wp-content\/uploads\/2018\/03\/cihly3.jpg 792w, https:\/\/www.kargea.cz\/wp-content\/uploads\/2018\/03\/cihly3-300x13.jpg 300w, https:\/\/www.kargea.cz\/wp-content\/uploads\/2018\/03\/cihly3-768x32.jpg 768w\" sizes=\"auto, (max-width: 792px) 100vw, 792px\" \/><\/p>\n<p>&nbsp;<\/p>\n<p><strong><span style=\"font-family: arial, helvetica, sans-serif;\"><span style=\"text-decoration: underline;\"><em><span style=\"color: #0000ff; font-size: 14pt; text-decoration: underline;\">KARGEA s.r.o.<\/span><\/em><\/span><\/span><\/strong><br \/>\n<span style=\"color: #333333; font-family: arial, helvetica, sans-serif;\"> T\u0159eb\u00edzsk\u00e9ho 1372\/3<\/span><br \/>\n<span style=\"color: #333333; font-family: arial, helvetica, sans-serif;\"> 120 00 Praha 2<\/span><\/p>\n<p><span style=\"color: #333333; font-family: arial, helvetica, sans-serif;\">E-mail: info@kargea.cz<\/span><br \/>\n<span style=\"color: #333333; font-family: arial, helvetica, sans-serif;\"> Tel: +420 720 528 700<\/span><\/p>\n<p><span style=\"color: #333333; font-family: arial, helvetica, sans-serif;\">I\u010c: 273 64 836<\/span><br \/>\n<span style=\"color: #333333; font-family: arial, helvetica, sans-serif;\"> DI\u010c: CZ273 64 836<\/span><\/p>\n<h5><span style=\"color: #333333; font-family: arial, helvetica, sans-serif;\">Zaps\u00e1na v\u00a0obchodn\u00edm rejst\u0159\u00edku, veden\u00e9ho M\u011bstsk\u00fdm soudem v\u00a0Praze, odd\u00edl C, vlo\u017eka 108632<\/span><\/h5>\n<p>&nbsp;<\/p>\n<p>&nbsp;<\/p>\n<p>&nbsp;<\/p>\n<p>&nbsp;<\/p>\n<p>&nbsp;<\/p>\n<p><img loading=\"lazy\" decoding=\"async\" class=\"alignnone size-full wp-image-447\" src=\"http:\/\/www.kargea.cz\/wp-content\/uploads\/2018\/03\/cihly2.jpg\" alt=\"\" width=\"792\" height=\"70\" srcset=\"https:\/\/www.kargea.cz\/wp-content\/uploads\/2018\/03\/cihly2.jpg 792w, https:\/\/www.kargea.cz\/wp-content\/uploads\/2018\/03\/cihly2-300x27.jpg 300w, https:\/\/www.kargea.cz\/wp-content\/uploads\/2018\/03\/cihly2-768x68.jpg 768w\" sizes=\"auto, (max-width: 792px) 100vw, 792px\" \/><\/p>\n","protected":false},"excerpt":{"rendered":"<p>&nbsp; &nbsp; KARGEA s.r.o. T\u0159eb\u00edzsk\u00e9ho 1372\/3 120 00 Praha 2 E-mail: info@kargea.cz Tel: +420 720 528 700 I\u010c: 273 64 836 DI\u010c: CZ273 64 836 Zaps\u00e1na v\u00a0obchodn\u00edm rejst\u0159\u00edku, veden\u00e9ho M\u011bstsk\u00fdm soudem v\u00a0Praze, odd\u00edl C, vlo\u017eka 108632 &nbsp; &nbsp; &nbsp; &nbsp; &nbsp;<\/p>\n","protected":false},"author":2,"featured_media":0,"parent":0,"menu_order":0,"comment_status":"closed","ping_status":"closed","template":"","meta":{"footnotes":""},"class_list":["post-94","page","type-page","status-publish","hentry"],"_links":{"self":[{"href":"https:\/\/www.kargea.cz\/index.php?rest_route=\/wp\/v2\/pages\/94","targetHints":{"allow":["GET"]}}],"collection":[{"href":"https:\/\/www.kargea.cz\/index.php?rest_route=\/wp\/v2\/pages"}],"about":[{"href":"https:\/\/www.kargea.cz\/index.php?rest_route=\/wp\/v2\/types\/page"}],"author":[{"embeddable":true,"href":"https:\/\/www.kargea.cz\/index.php?rest_route=\/wp\/v2\/users\/2"}],"replies":[{"embeddable":true,"href":"https:\/\/www.kargea.cz\/index.php?rest_route=%2Fwp%2Fv2%2Fcomments&post=94"}],"version-history":[{"count":18,"href":"https:\/\/www.kargea.cz\/index.php?rest_route=\/wp\/v2\/pages\/94\/revisions"}],"predecessor-version":[{"id":5337,"href":"https:\/\/www.kargea.cz\/index.php?rest_route=\/wp\/v2\/pages\/94\/revisions\/5337"}],"wp:attachment":[{"href":"https:\/\/www.kargea.cz\/index.php?rest_route=%2Fwp%2Fv2%2Fmedia&parent=94"}],"curies":[{"name":"wp","href":"https:\/\/api.w.org\/{rel}","templated":true}]}}